{"id":92,"date":"2023-01-05T16:33:29","date_gmt":"2023-01-05T16:33:36","guid":{"rendered":"https:\/\/wops-asbl.be\/services\/"},"modified":"2024-07-08T11:50:44","modified_gmt":"2024-07-08T11:50:44","slug":"services","status":"publish","type":"page","link":"https:\/\/wops-asbl.be\/nl\/services\/","title":{"rendered":"Onze diensten"},"content":{"rendered":"<div data-elementor-type=\"wp-page\" data-elementor-id=\"92\" class=\"elementor elementor-92\" data-elementor-post-type=\"page\">\n\t\t\t\t<div class=\"elementor-element elementor-element-ca755b3 e-con-full e-flex e-con e-parent\" data-id=\"ca755b3\" data-element_type=\"container\" data-e-type=\"container\">\n\t\t<div class=\"elementor-element elementor-element-f829bf5 e-con-full e-flex e-con e-child\" data-id=\"f829bf5\" data-element_type=\"container\" data-e-type=\"container\">\n\t\t\t\t<div class=\"elementor-element elementor-element-bb4f565 elementor-invisible elementor-widget elementor-widget-heading\" data-id=\"bb4f565\" data-element_type=\"widget\" data-e-type=\"widget\" data-settings=\"{&quot;_animation&quot;:&quot;fadeInUp&quot;,&quot;_animation_delay&quot;:400}\" data-widget_type=\"heading.default\">\n\t\t\t\t<div class=\"elementor-widget-container\">\n\t\t\t\t\t<h1 class=\"elementor-heading-title elementor-size-default\">Onze diensten<\/h1>\t\t\t\t<\/div>\n\t\t\t\t<\/div>\n\t\t\t\t<\/div>\n\t\t\t\t<\/div>\n\t\t<div class=\"elementor-element elementor-element-c9a07fe e-con-full e-flex e-con e-parent\" data-id=\"c9a07fe\" data-element_type=\"container\" data-e-type=\"container\">\n\t\t<div class=\"elementor-element elementor-element-4d1e60d e-con-full e-flex e-con e-child\" data-id=\"4d1e60d\" data-element_type=\"container\" data-e-type=\"container\" data-settings=\"{&quot;background_background&quot;:&quot;classic&quot;}\">\n\t\t\t\t<div class=\"elementor-element elementor-element-df60b2b elementor-invisible elementor-widget elementor-widget-image\" data-id=\"df60b2b\" data-element_type=\"widget\" data-e-type=\"widget\" data-settings=\"{&quot;_animation&quot;:&quot;fadeInUp&quot;,&quot;_animation_delay&quot;:600}\" data-widget_type=\"image.default\">\n\t\t\t\t<div class=\"elementor-widget-container\">\n\t\t\t\t\t\t\t\t\t\t\t\t\t\t\t<img decoding=\"async\" width=\"1\" height=\"1\" src=\"https:\/\/wops-asbl.be\/wp-content\/uploads\/2024\/03\/logo-cpj.svg\" class=\"attachment-large size-large wp-image-1070\" alt=\"\" \/>\t\t\t\t\t\t\t\t\t\t\t\t\t\t\t<\/div>\n\t\t\t\t<\/div>\n\t\t\t\t<\/div>\n\t\t<div class=\"elementor-element elementor-element-7d7fe1d e-con-full e-flex e-con e-child\" data-id=\"7d7fe1d\" data-element_type=\"container\" data-e-type=\"container\">\n\t\t\t\t<div class=\"elementor-element elementor-element-16a4356 elementor-invisible elementor-widget elementor-widget-heading\" data-id=\"16a4356\" data-element_type=\"widget\" data-e-type=\"widget\" data-settings=\"{&quot;_animation&quot;:&quot;fadeInUp&quot;,&quot;_animation_delay&quot;:400}\" data-widget_type=\"heading.default\">\n\t\t\t\t<div class=\"elementor-widget-container\">\n\t\t\t\t\t<h1 class=\"elementor-heading-title elementor-size-default\">Centre Psychoth\u00e9rapeutique De Jour\n<\/h1>\t\t\t\t<\/div>\n\t\t\t\t<\/div>\n\t\t\t\t<div class=\"elementor-element elementor-element-a68c7d9 elementor-invisible elementor-widget elementor-widget-text-editor\" data-id=\"a68c7d9\" data-element_type=\"widget\" data-e-type=\"widget\" data-settings=\"{&quot;_animation&quot;:&quot;fadeInUp&quot;,&quot;_animation_delay&quot;:600}\" data-widget_type=\"text-editor.default\">\n\t\t\t\t<div class=\"elementor-widget-container\">\n\t\t\t\t\t\t\t\t\t<p>DE <strong>Oeps<\/strong> Het dagprogramma is bedoeld voor mensen die niet meer kunnen voldoen aan de eisen van hun sociale of gezinsleven, die afhaken en op zoek zijn naar een <strong>toevluchtsoord<\/strong> waar je weer op het goede spoor kunt komen. Ze ontdekken A <strong>plek om te wonen<\/strong> en het doormaken van een periode van angst, depressie of delirium, een persoonlijke of familiale crisis, ernstige problemen met sociale integratie, de nasleep van een tragische gebeurtenis (conflict, scheiding, rouw), enz. <br \/><br \/>Verschillende gezichten van psychologische problemen worden dus verwelkomd zonder dat men zich hoeft af te sluiten van de gewone leefomgeving.<\/p>\t\t\t\t\t\t\t\t<\/div>\n\t\t\t\t<\/div>\n\t\t\t\t<div class=\"elementor-element elementor-element-2a34c73 elementor-invisible elementor-widget elementor-widget-button\" data-id=\"2a34c73\" data-element_type=\"widget\" data-e-type=\"widget\" data-settings=\"{&quot;_animation&quot;:&quot;fadeInDown&quot;}\" data-widget_type=\"button.default\">\n\t\t\t\t<div class=\"elementor-widget-container\">\n\t\t\t\t\t\t\t\t\t<div class=\"elementor-button-wrapper\">\n\t\t\t\t\t<a class=\"elementor-button elementor-button-link elementor-size-sm\" href=\"https:\/\/wops-asbl.be\/nl\/services\/centre-psychotherapeutique-de-jour\/\">\n\t\t\t\t\t\t<span class=\"elementor-button-content-wrapper\">\n\t\t\t\t\t\t\t\t\t<span class=\"elementor-button-text\">Meer informatie gebruiksaanwijzing<\/span>\n\t\t\t\t\t<\/span>\n\t\t\t\t\t<\/a>\n\t\t\t\t<\/div>\n\t\t\t\t\t\t\t\t<\/div>\n\t\t\t\t<\/div>\n\t\t\t\t<\/div>\n\t\t\t\t<\/div>\n\t\t<div class=\"elementor-element elementor-element-572a1c2 e-con-full e-flex e-con e-parent\" data-id=\"572a1c2\" data-element_type=\"container\" data-e-type=\"container\">\n\t\t<div class=\"elementor-element elementor-element-4b9928b e-con-full e-flex e-con e-child\" data-id=\"4b9928b\" data-element_type=\"container\" data-e-type=\"container\">\n\t\t\t\t<div class=\"elementor-element elementor-element-f56d5cb elementor-widget elementor-widget-heading\" data-id=\"f56d5cb\" data-element_type=\"widget\" data-e-type=\"widget\" data-widget_type=\"heading.default\">\n\t\t\t\t<div class=\"elementor-widget-container\">\n\t\t\t\t\t<h1 class=\"elementor-heading-title elementor-size-default\">Centre Psychoth\u00e9rapeutique De Nuit\n<\/h1>\t\t\t\t<\/div>\n\t\t\t\t<\/div>\n\t\t\t\t<div class=\"elementor-element elementor-element-fcd9628 elementor-widget elementor-widget-text-editor\" data-id=\"fcd9628\" data-element_type=\"widget\" data-e-type=\"widget\" data-widget_type=\"text-editor.default\">\n\t\t\t\t<div class=\"elementor-widget-container\">\n\t\t\t\t\t\t\t\t\t<p>Ce centre s\u2019adresse \u00e0 <strong>toute personne adulte<\/strong>, qui, en raison de di\u2000cult\u00e9s psycho-socio-relationnelles rencontre des impasses n\u00e9cessitant un accompagnement multidisciplinaire soutenu au quotidien.<\/p><p>Le travail psychoth\u00e9rapeutique a lieu de fa\u00e7on prioritaire en soir\u00e9e. La journ\u00e9e, l\u2019\u00e9quipe travaille avec les r\u00e9sidents \u00e0 mettre en place ou soutenir une activit\u00e9 tourn\u00e9e vers l\u2019ext\u00e9rieur.<br \/><br \/>La plus grande part des frais a\u2000\u00e9rents au s\u00e9jour est couverte par la mutuelle. D\u00e8s lors, il est indispensable d\u2019\u00eatre en ordre d\u2019assurabilit\u00e9 \u00e0 l\u2019entr\u00e9e. La dur\u00e9e des s\u00e9jours est de six mois renouvelable maximum trois fois.<\/p>\t\t\t\t\t\t\t\t<\/div>\n\t\t\t\t<\/div>\n\t\t\t\t<div class=\"elementor-element elementor-element-92c30b3 elementor-invisible elementor-widget elementor-widget-button\" data-id=\"92c30b3\" data-element_type=\"widget\" data-e-type=\"widget\" data-settings=\"{&quot;_animation&quot;:&quot;fadeInDown&quot;}\" data-widget_type=\"button.default\">\n\t\t\t\t<div class=\"elementor-widget-container\">\n\t\t\t\t\t\t\t\t\t<div class=\"elementor-button-wrapper\">\n\t\t\t\t\t<a class=\"elementor-button elementor-button-link elementor-size-sm\" href=\"https:\/\/wops-asbl.be\/nl\/services\/centre-psychotherapeutique-de-nuit\/\">\n\t\t\t\t\t\t<span class=\"elementor-button-content-wrapper\">\n\t\t\t\t\t\t\t\t\t<span class=\"elementor-button-text\">Meer informatie gebruiksaanwijzing<\/span>\n\t\t\t\t\t<\/span>\n\t\t\t\t\t<\/a>\n\t\t\t\t<\/div>\n\t\t\t\t\t\t\t\t<\/div>\n\t\t\t\t<\/div>\n\t\t\t\t<\/div>\n\t\t<div class=\"elementor-element elementor-element-f7ce306 e-con-full e-flex e-con e-child\" data-id=\"f7ce306\" data-element_type=\"container\" data-e-type=\"container\" data-settings=\"{&quot;background_background&quot;:&quot;classic&quot;}\">\n\t\t\t\t<div class=\"elementor-element elementor-element-e484428 elementor-widget elementor-widget-image\" data-id=\"e484428\" data-element_type=\"widget\" data-e-type=\"widget\" data-widget_type=\"image.default\">\n\t\t\t\t<div class=\"elementor-widget-container\">\n\t\t\t\t\t\t\t\t\t\t\t\t\t\t\t<img decoding=\"async\" width=\"1\" height=\"1\" src=\"https:\/\/wops-asbl.be\/wp-content\/uploads\/2024\/03\/logo-cpn.svg\" class=\"attachment-large size-large wp-image-1069\" alt=\"\" \/>\t\t\t\t\t\t\t\t\t\t\t\t\t\t\t<\/div>\n\t\t\t\t<\/div>\n\t\t\t\t<\/div>\n\t\t\t\t<\/div>\n\t\t<div class=\"elementor-element elementor-element-e002489 e-con-full e-flex e-con e-parent\" data-id=\"e002489\" data-element_type=\"container\" data-e-type=\"container\">\n\t\t<div class=\"elementor-element elementor-element-7a49464 e-con-full e-flex e-con e-child\" data-id=\"7a49464\" data-element_type=\"container\" data-e-type=\"container\" data-settings=\"{&quot;background_background&quot;:&quot;classic&quot;}\">\n\t\t\t\t<div class=\"elementor-element elementor-element-caccf6a elementor-widget elementor-widget-image\" data-id=\"caccf6a\" data-element_type=\"widget\" data-e-type=\"widget\" data-widget_type=\"image.default\">\n\t\t\t\t<div class=\"elementor-widget-container\">\n\t\t\t\t\t\t\t\t\t\t\t\t\t\t\t<img decoding=\"async\" width=\"1\" height=\"1\" src=\"https:\/\/wops-asbl.be\/wp-content\/uploads\/2024\/03\/logo-ssm.svg\" class=\"attachment-large size-large wp-image-1068\" alt=\"\" \/>\t\t\t\t\t\t\t\t\t\t\t\t\t\t\t<\/div>\n\t\t\t\t<\/div>\n\t\t\t\t<\/div>\n\t\t<div class=\"elementor-element elementor-element-0f6f437 e-con-full e-flex e-con e-child\" data-id=\"0f6f437\" data-element_type=\"container\" data-e-type=\"container\">\n\t\t\t\t<div class=\"elementor-element elementor-element-bf40e2f elementor-widget elementor-widget-heading\" data-id=\"bf40e2f\" data-element_type=\"widget\" data-e-type=\"widget\" data-widget_type=\"heading.default\">\n\t\t\t\t<div class=\"elementor-widget-container\">\n\t\t\t\t\t<h1 class=\"elementor-heading-title elementor-size-default\">Service De Sant\u00e9 Mentale<\/h1>\t\t\t\t<\/div>\n\t\t\t\t<\/div>\n\t\t\t\t<div class=\"elementor-element elementor-element-0ef0577 elementor-widget elementor-widget-heading\" data-id=\"0ef0577\" data-element_type=\"widget\" data-e-type=\"widget\" data-widget_type=\"heading.default\">\n\t\t\t\t<div class=\"elementor-widget-container\">\n\t\t\t\t\t<h3 class=\"elementor-heading-title elementor-size-default\">B\u00e9b\u00e9s, Enfants,Adolescents,\net leurs familles,\nAdultes et Personnes \u00e2g\u00e9es<\/h3>\t\t\t\t<\/div>\n\t\t\t\t<\/div>\n\t\t\t\t<div class=\"elementor-element elementor-element-8295e86 elementor-widget elementor-widget-text-editor\" data-id=\"8295e86\" data-element_type=\"widget\" data-e-type=\"widget\" data-widget_type=\"text-editor.default\">\n\t\t\t\t<div class=\"elementor-widget-container\">\n\t\t\t\t\t\t\t\t\t<p>Wij zijn een ambulante dienst voor <strong>iedereen<\/strong> bij psychisch, sociaal en\/of psycho-lichamelijk lijden. <br \/><br \/>Ons multidisciplinair team bestaat uit een kind-adolescent team en een volwassen en ouder wordend team. <br \/><br \/>Onze missies zijn aan de kant van de zorg en ons werk is in wezen gericht op psychoanalyse.<\/p>\t\t\t\t\t\t\t\t<\/div>\n\t\t\t\t<\/div>\n\t\t\t\t<div class=\"elementor-element elementor-element-467ead9 elementor-invisible elementor-widget elementor-widget-button\" data-id=\"467ead9\" data-element_type=\"widget\" data-e-type=\"widget\" data-settings=\"{&quot;_animation&quot;:&quot;fadeInDown&quot;}\" data-widget_type=\"button.default\">\n\t\t\t\t<div class=\"elementor-widget-container\">\n\t\t\t\t\t\t\t\t\t<div class=\"elementor-button-wrapper\">\n\t\t\t\t\t<a class=\"elementor-button elementor-button-link elementor-size-sm\" href=\"https:\/\/wops-asbl.be\/nl\/services\/service-de-sante-mentale\/\">\n\t\t\t\t\t\t<span class=\"elementor-button-content-wrapper\">\n\t\t\t\t\t\t\t\t\t<span class=\"elementor-button-text\">Meer informatie gebruiksaanwijzing<\/span>\n\t\t\t\t\t<\/span>\n\t\t\t\t\t<\/a>\n\t\t\t\t<\/div>\n\t\t\t\t\t\t\t\t<\/div>\n\t\t\t\t<\/div>\n\t\t\t\t<\/div>\n\t\t\t\t<\/div>\n\t\t<div class=\"elementor-element elementor-element-da09ba5 e-con-full e-flex e-con e-parent\" data-id=\"da09ba5\" data-element_type=\"container\" data-e-type=\"container\">\n\t\t<div class=\"elementor-element elementor-element-862c339 e-con-full e-flex e-con e-child\" data-id=\"862c339\" data-element_type=\"container\" data-e-type=\"container\">\n\t\t\t\t<div class=\"elementor-element elementor-element-0afb7aa elementor-widget elementor-widget-heading\" data-id=\"0afb7aa\" data-element_type=\"widget\" data-e-type=\"widget\" data-widget_type=\"heading.default\">\n\t\t\t\t<div class=\"elementor-widget-container\">\n\t\t\t\t\t<h1 class=\"elementor-heading-title elementor-size-default\">Lieu de liens L'Entr'Act\t<\/h1>\t\t\t\t<\/div>\n\t\t\t\t<\/div>\n\t\t\t\t<div class=\"elementor-element elementor-element-3e0d4d6 elementor-widget elementor-widget-text-editor\" data-id=\"3e0d4d6\" data-element_type=\"widget\" data-e-type=\"widget\" data-widget_type=\"text-editor.default\">\n\t\t\t\t<div class=\"elementor-widget-container\">\n\t\t\t\t\t\t\t\t\t<p>Lieu de liens qui accueille les samedis, dimanches et jours f\u00e9ri\u00e9s, toutes personnes souhaitant partager un moment de convivialit\u00e9 et d&rsquo;\u00e9changes.<\/p>\t\t\t\t\t\t\t\t<\/div>\n\t\t\t\t<\/div>\n\t\t\t\t<div class=\"elementor-element elementor-element-1ee1745 elementor-invisible elementor-widget elementor-widget-button\" data-id=\"1ee1745\" data-element_type=\"widget\" data-e-type=\"widget\" data-settings=\"{&quot;_animation&quot;:&quot;fadeInDown&quot;}\" data-widget_type=\"button.default\">\n\t\t\t\t<div class=\"elementor-widget-container\">\n\t\t\t\t\t\t\t\t\t<div class=\"elementor-button-wrapper\">\n\t\t\t\t\t<a class=\"elementor-button elementor-button-link elementor-size-sm\" href=\"https:\/\/www.facebook.com\/p\/LEntrAct-100083567344049\/\">\n\t\t\t\t\t\t<span class=\"elementor-button-content-wrapper\">\n\t\t\t\t\t\t\t\t\t<span class=\"elementor-button-text\">Meer informatie gebruiksaanwijzing<\/span>\n\t\t\t\t\t<\/span>\n\t\t\t\t\t<\/a>\n\t\t\t\t<\/div>\n\t\t\t\t\t\t\t\t<\/div>\n\t\t\t\t<\/div>\n\t\t\t\t<\/div>\n\t\t<div class=\"elementor-element elementor-element-2be0cc1 e-con-full e-flex e-con e-child\" data-id=\"2be0cc1\" data-element_type=\"container\" data-e-type=\"container\" data-settings=\"{&quot;background_background&quot;:&quot;classic&quot;}\">\n\t\t\t\t<div class=\"elementor-element elementor-element-f06beed elementor-view-default elementor-widget elementor-widget-icon\" data-id=\"f06beed\" data-element_type=\"widget\" data-e-type=\"widget\" data-widget_type=\"icon.default\">\n\t\t\t\t<div class=\"elementor-widget-container\">\n\t\t\t\t\t\t\t<div class=\"elementor-icon-wrapper\">\n\t\t\t<div class=\"elementor-icon\">\n\t\t\t<svg xmlns=\"http:\/\/www.w3.org\/2000\/svg\" xmlns:xlink=\"http:\/\/www.w3.org\/1999\/xlink\" id=\"uuid-38cf7123-e2ba-4293-a8a5-9b5e8fa75488\" data-name=\"Calque 1\" viewbox=\"0 0 500 500\"><defs><clippath id=\"uuid-3d6b5974-3ef1-4f1d-9848-c0352049029a\"><path d=\"M436.12,153.72l-170.02-109.55c-4.81-3.1-10.21-5.01-15.76-5.58-.41-.12-.85-.18-1.3-.18h-1.87c-.45,0-.89.06-1.3.18-5.55.58-10.95,2.48-15.76,5.58L60.09,153.72c-5.84,3.76-9.47,10.65-9.47,17.98v240.6c0,9.27,5.63,17.16,13.41,19.91,2.97,1.05,6.09-1.31,6.09-4.47,0-.28-.03-.55-.08-.82h81.52c-.16.46-.27.95-.27,1.46,0,2.44,1.98,4.42,4.42,4.42h157.65c.59.27,1.24.45,1.94.45h110.79c10.75,0,19.5-9.4,19.5-20.96v-240.6c0-7.33-3.63-14.21-9.47-17.97Z\" style=\"fill: none; stroke-width: 0px;\"><\/path><\/clippath><\/defs><g style=\"clip-path: url(#uuid-3d6b5974-3ef1-4f1d-9848-c0352049029a);\"><path d=\"M436.12,153.72l-170.02-109.55c-4.81-3.1-10.21-5.01-15.76-5.58-.41-.12-.85-.18-1.3-.18h-1.87c-.45,0-.89.06-1.3.18-5.55.58-10.95,2.48-15.76,5.58L60.09,153.72c-5.84,3.76-9.47,10.65-9.47,17.98v240.6c0,9.27,5.63,17.16,13.41,19.91,2.97,1.05,6.09-1.31,6.09-4.47h0c0-1.91-1.14-3.69-2.94-4.32-4.17-1.45-7.22-5.89-7.22-11.13v-240.6c0-4.19,1.99-8.07,5.19-10.13L235.16,52.02c3.8-2.45,8.07-3.89,12.44-4.21.33-.02.67-.02,1,0,4.37.32,8.64,1.77,12.44,4.21l170.02,109.55c3.2,2.06,5.19,5.94,5.19,10.13v240.6c0,6.41-4.56,11.63-10.17,11.63h-110.79c-.07,0-.13.04-.2.04h-159.39c-2.44,0-4.42,1.98-4.42,4.42s1.98,4.42,4.42,4.42h157.65c.59.27,1.24.45,1.94.45h110.79c10.75,0,19.5-9.4,19.5-20.96v-240.6c0-7.33-3.63-14.21-9.47-17.97Z\" style=\"stroke-width: 0px;\"><\/path><g><path d=\"M284.19,226.2c15.53,0,28.17-13.24,28.17-29.51s-12.64-29.51-28.17-29.51-28.17,13.24-28.17,29.51,12.64,29.51,28.17,29.51ZM284.19,176.94c10.15,0,18.41,8.86,18.41,19.75s-8.26,19.75-18.41,19.75-18.41-8.86-18.41-19.75,8.26-19.75,18.41-19.75Z\" style=\"stroke-width: 0px;\"><\/path><path d=\"M203.11,226.2c15.53,0,28.17-13.24,28.17-29.51s-12.64-29.51-28.17-29.51-28.17,13.24-28.17,29.51,12.64,29.51,28.17,29.51ZM203.11,176.94c10.15,0,18.41,8.86,18.41,19.75s-8.26,19.75-18.41,19.75-18.41-8.86-18.41-19.75,8.26-19.75,18.41-19.75Z\" style=\"stroke-width: 0px;\"><\/path><path d=\"M390.04,202.37c-3.23-4.29-8.12-6.97-13.42-7.34-5.22-.34-10.27,1.52-13.91,5.16-24.22,24.24-48.94,34-53.34,35.61h-51.76s0,0-.01,0h-79.67c-4.37-1.6-28.77-11.24-52.83-35.11-5.52-5.48-13.42-7.18-20.13-4.33-4.97,2.11-8.75,6.2-10.38,11.23-1.62,5.01-1,10.47,1.72,14.99,11.96,19.88,38.02,43.19,75.9,50.5v155.29c0,2.7,2.19,4.88,4.88,4.88h52.04c2.7,0,4.88-2.19,4.88-4.88v-144.87c0-1.55.4-2.99,1.05-4.28,0,0,0-.01,0-.02,1.59-3.15,4.82-5.33,8.58-5.33,5.31,0,9.64,4.32,9.64,9.64v144.87c0,2.7,2.19,4.88,4.88,4.88h52.04c2.7,0,4.88-2.19,4.88-4.88v-155.29c37.64-7.27,63.68-30.42,75.69-50.17,3.94-6.47,3.63-14.72-.75-20.54ZM224.25,423.49h-16.26v-81.07c0-2.7-2.19-4.88-4.88-4.88s-4.88,2.19-4.88,4.88v81.07h-16.26v-154.51c0-2.4-1.75-4.45-4.12-4.82-36.79-5.84-61.92-27.91-73.18-46.62-1.26-2.1-1.55-4.63-.8-6.95.77-2.37,2.51-4.23,4.91-5.25,2.99-1.27,6.78-.35,9.43,2.28,28.15,27.93,56.18,37.31,57.35,37.7.49.16,1,.24,1.52.24h64.99c-6.33,6.08-13.04,15.54-15.83,29.53-1.24,2.56-2,5.39-2,8.41v139.99ZM382.45,217.84c-11.31,18.59-36.43,40.53-73,46.33-2.37.38-4.12,2.42-4.12,4.82v154.51h-16.26v-81.07c0-2.7-2.19-4.88-4.88-4.88s-4.88,2.19-4.88,4.88v81.07h-16.26v-139.99c0-10.7-8.7-19.4-19.4-19.4-1.21,0-2.39.14-3.54.36,6.17-12.18,15.71-17.55,18.49-18.9h51.61c.51,0,1.03-.08,1.52-.24,1.19-.39,29.56-9.89,57.89-38.23,1.64-1.64,3.93-2.48,6.32-2.32,2.51.18,4.75,1.41,6.3,3.47,2,2.66,2.08,6.51.21,9.59Z\" style=\"stroke-width: 0px;\"><\/path><\/g><\/g><path d=\"M464.28,141.43L268.8,15.48c-5.53-3.57-11.74-5.76-18.12-6.42-.48-.14-.98-.21-1.5-.21h-2.15c-.52,0-1.02.07-1.5.21-6.38.66-12.59,2.85-18.12,6.42L31.94,141.43c-6.71,4.33-10.88,12.24-10.88,20.67v276.63c0,10.66,6.48,19.73,15.42,22.89,3.42,1.21,7-1.51,7-5.13h0c0-2.2-1.31-4.25-3.38-4.96-4.8-1.66-8.3-6.77-8.3-12.8V162.09c0-4.81,2.29-9.28,5.97-11.65L233.23,24.5c4.37-2.82,9.28-4.47,14.3-4.84.38-.03.77-.03,1.15,0,5.02.37,9.93,2.03,14.3,4.84l195.48,125.95c3.68,2.37,5.97,6.83,5.97,11.65v276.63c0,7.37-5.24,13.37-11.69,13.37h-127.38c-.08,0-.15.04-.23.05h-183.25c-2.81,0-5.08,2.28-5.08,5.08s2.28,5.08,5.08,5.08h181.26c.68.32,1.43.52,2.23.52h127.38c12.36,0,22.42-10.81,22.42-24.1V162.09c0-8.42-4.17-16.34-10.88-20.67Z\" style=\"fill: #f8b133; stroke-width: 0px;\"><\/path><\/svg>\t\t\t<\/div>\n\t\t<\/div>\n\t\t\t\t\t\t<\/div>\n\t\t\t\t<\/div>\n\t\t\t\t<\/div>\n\t\t\t\t<\/div>\n\t\t\t\t<\/div>","protected":false},"excerpt":{"rendered":"<p>Centre Psychoth\u00e9rapeutique De Jour Le Wops de jour s\u2019adresse \u00e0 ceux et celles qui n\u2019arrivent plus \u00e0 r\u00e9pondre aux exigences de leur vie sociale ou familiale, qui d\u00e9crochent et cherchent un refuge o\u00f9 reprendre pied. Ils y d\u00e9couvrent un lieu o\u00f9 vivre et traverser une p\u00e9riode d\u2019angoisse, de d\u00e9pression ou de d\u00e9lire, une crise personnelle [&hellip;]<\/p>\n","protected":false},"author":1,"featured_media":0,"parent":0,"menu_order":4,"comment_status":"closed","ping_status":"closed","template":"elementor_header_footer","meta":{"_acf_changed":false,"_seopress_robots_primary_cat":"","_seopress_titles_title":"","_seopress_titles_desc":"","_seopress_robots_index":"","footnotes":""},"class_list":["post-92","page","type-page","status-publish","hentry"],"acf":[],"_links":{"self":[{"href":"https:\/\/wops-asbl.be\/nl\/wp-json\/wp\/v2\/pages\/92","targetHints":{"allow":["GET"]}}],"collection":[{"href":"https:\/\/wops-asbl.be\/nl\/wp-json\/wp\/v2\/pages"}],"about":[{"href":"https:\/\/wops-asbl.be\/nl\/wp-json\/wp\/v2\/types\/page"}],"author":[{"embeddable":true,"href":"https:\/\/wops-asbl.be\/nl\/wp-json\/wp\/v2\/users\/1"}],"replies":[{"embeddable":true,"href":"https:\/\/wops-asbl.be\/nl\/wp-json\/wp\/v2\/comments?post=92"}],"version-history":[{"count":5,"href":"https:\/\/wops-asbl.be\/nl\/wp-json\/wp\/v2\/pages\/92\/revisions"}],"predecessor-version":[{"id":1164,"href":"https:\/\/wops-asbl.be\/nl\/wp-json\/wp\/v2\/pages\/92\/revisions\/1164"}],"wp:attachment":[{"href":"https:\/\/wops-asbl.be\/nl\/wp-json\/wp\/v2\/media?parent=92"}],"curies":[{"name":"wp","href":"https:\/\/api.w.org\/{rel}","templated":true}]}}