{"id":69,"date":"2023-01-05T16:33:29","date_gmt":"2023-01-05T16:33:32","guid":{"rendered":"https:\/\/wops-asbl.be\/home\/"},"modified":"2025-09-15T14:20:14","modified_gmt":"2025-09-15T14:20:14","slug":"accueil","status":"publish","type":"page","link":"https:\/\/wops-asbl.be\/nl\/","title":{"rendered":"Wops &#8211; Woluwe Psycho Social"},"content":{"rendered":"<div data-elementor-type=\"wp-page\" data-elementor-id=\"69\" class=\"elementor elementor-69\" data-elementor-post-type=\"page\">\n\t\t\t\t<div class=\"elementor-element elementor-element-f3b2932 e-con-full e-flex e-con e-parent\" data-id=\"f3b2932\" data-element_type=\"container\" data-e-type=\"container\" data-settings=\"{&quot;background_background&quot;:&quot;classic&quot;}\">\n\t\t<div class=\"elementor-element elementor-element-f2b8b3d e-con-full e-flex e-con e-child\" data-id=\"f2b8b3d\" data-element_type=\"container\" data-e-type=\"container\">\n\t\t\t\t<div class=\"elementor-element elementor-element-15ffb62 elementor-invisible elementor-widget elementor-widget-heading\" data-id=\"15ffb62\" data-element_type=\"widget\" data-e-type=\"widget\" data-settings=\"{&quot;_animation&quot;:&quot;fadeInUp&quot;}\" data-widget_type=\"heading.default\">\n\t\t\t\t<div class=\"elementor-widget-container\">\n\t\t\t\t\t<h6 class=\"elementor-heading-title elementor-size-default\">Welkom op de website van <b>Wops vzw<\/b><\/h6>\t\t\t\t<\/div>\n\t\t\t\t<\/div>\n\t\t\t\t<div class=\"elementor-element elementor-element-92e7c0e elementor-invisible elementor-widget elementor-widget-heading\" data-id=\"92e7c0e\" data-element_type=\"widget\" data-e-type=\"widget\" data-settings=\"{&quot;_animation&quot;:&quot;fadeInUp&quot;,&quot;_animation_delay&quot;:200}\" data-widget_type=\"heading.default\">\n\t\t\t\t<div class=\"elementor-widget-container\">\n\t\t\t\t\t<h1 class=\"elementor-heading-title elementor-size-default\">WOLUWE-PSYCHO-SOCIAL<\/h1>\t\t\t\t<\/div>\n\t\t\t\t<\/div>\n\t\t\t\t<div class=\"elementor-element elementor-element-104b772 elementor-invisible elementor-widget elementor-widget-heading\" data-id=\"104b772\" data-element_type=\"widget\" data-e-type=\"widget\" data-settings=\"{&quot;_animation&quot;:&quot;fadeInUp&quot;,&quot;_animation_delay&quot;:400}\" data-widget_type=\"heading.default\">\n\t\t\t\t<div class=\"elementor-widget-container\">\n\t\t\t\t\t<h5 class=\"elementor-heading-title elementor-size-default\">DE <b>WOPS<\/b> heeft de missie om psychiatrische en medisch-psychosociale zorg aan te bieden in het kader van een multidisciplinaire ambulante of residenti\u00eble praktijk<\/h5>\t\t\t\t<\/div>\n\t\t\t\t<\/div>\n\t\t\t\t<div class=\"elementor-element elementor-element-8add506 elementor-invisible elementor-widget elementor-widget-button\" data-id=\"8add506\" data-element_type=\"widget\" data-e-type=\"widget\" data-settings=\"{&quot;_animation&quot;:&quot;fadeInDown&quot;}\" data-widget_type=\"button.default\">\n\t\t\t\t<div class=\"elementor-widget-container\">\n\t\t\t\t\t\t\t\t\t<div class=\"elementor-button-wrapper\">\n\t\t\t\t\t<a class=\"elementor-button elementor-button-link elementor-size-sm\" href=\"https:\/\/wops-asbl.be\/nl\/qui-sommes-nous\/\">\n\t\t\t\t\t\t<span class=\"elementor-button-content-wrapper\">\n\t\t\t\t\t\t\t\t\t<span class=\"elementor-button-text\">Meer informatie gebruiksaanwijzing<\/span>\n\t\t\t\t\t<\/span>\n\t\t\t\t\t<\/a>\n\t\t\t\t<\/div>\n\t\t\t\t\t\t\t\t<\/div>\n\t\t\t\t<\/div>\n\t\t\t\t<\/div>\n\t\t<div class=\"elementor-element elementor-element-3207496 e-con-full e-flex e-con e-child\" data-id=\"3207496\" data-element_type=\"container\" data-e-type=\"container\">\n\t\t\t\t<div class=\"elementor-element elementor-element-cba2fa4 elementor-invisible elementor-widget elementor-widget-image\" data-id=\"cba2fa4\" data-element_type=\"widget\" data-e-type=\"widget\" data-settings=\"{&quot;_animation&quot;:&quot;fadeIn&quot;,&quot;_animation_delay&quot;:600}\" data-widget_type=\"image.default\">\n\t\t\t\t<div class=\"elementor-widget-container\">\n\t\t\t\t\t\t\t\t\t\t\t\t\t\t\t<img fetchpriority=\"high\" decoding=\"async\" width=\"584\" height=\"484\" src=\"https:\/\/wops-asbl.be\/wp-content\/uploads\/2023\/01\/w-ops-ssm.svg\" class=\"attachment-large size-large wp-image-297\" alt=\"\" \/>\t\t\t\t\t\t\t\t\t\t\t\t\t\t\t<\/div>\n\t\t\t\t<\/div>\n\t\t\t\t<\/div>\n\t\t\t\t<\/div>\n\t\t<div class=\"elementor-element elementor-element-eee76a5 e-con-full e-flex e-con e-parent\" data-id=\"eee76a5\" data-element_type=\"container\" data-e-type=\"container\">\n\t\t<div class=\"elementor-element elementor-element-d2e45e8 e-con-full e-flex e-con e-child\" data-id=\"d2e45e8\" data-element_type=\"container\" data-e-type=\"container\">\n\t\t\t\t<div class=\"elementor-element elementor-element-4dcbbce elementor-invisible elementor-widget elementor-widget-heading\" data-id=\"4dcbbce\" data-element_type=\"widget\" data-e-type=\"widget\" data-settings=\"{&quot;_animation&quot;:&quot;fadeInUp&quot;}\" data-widget_type=\"heading.default\">\n\t\t\t\t<div class=\"elementor-widget-container\">\n\t\t\t\t\t<h2 class=\"elementor-heading-title elementor-size-default\">Onze diensten<\/h2>\t\t\t\t<\/div>\n\t\t\t\t<\/div>\n\t\t\t\t<\/div>\n\t\t<div class=\"elementor-element elementor-element-6c5916d e-con-full e-grid e-con e-child\" data-id=\"6c5916d\" data-element_type=\"container\" data-e-type=\"container\">\n\t\t\t\t<div class=\"elementor-element elementor-element-4d7f1e8 elementor-view-stacked elementor-shape-circle elementor-position-block-start elementor-mobile-position-block-start elementor-invisible elementor-widget elementor-widget-icon-box\" data-id=\"4d7f1e8\" data-element_type=\"widget\" data-e-type=\"widget\" data-settings=\"{&quot;_animation&quot;:&quot;fadeInUp&quot;}\" data-widget_type=\"icon-box.default\">\n\t\t\t\t<div class=\"elementor-widget-container\">\n\t\t\t\t\t\t\t<div class=\"elementor-icon-box-wrapper\">\n\n\t\t\t\t\t\t<div class=\"elementor-icon-box-icon\">\n\t\t\t\t<a href=\"https:\/\/wops-asbl.be\/nl\/services\/service-de-sante-mentale\/\" class=\"elementor-icon elementor-animation-grow\" tabindex=\"-1\" aria-label=\"DEPARTEMENT VAN &lt;br\/&gt;MENTALE GEZONDHEID\">\n\t\t\t\t<svg xmlns=\"http:\/\/www.w3.org\/2000\/svg\" id=\"uuid-854060d4-5761-49e7-9af9-95786678aea8\" width=\"584\" height=\"484\" viewbox=\"0 0 584 484\"><path d=\"m565.33,29.42c-33.61,109.82-69.1,219.22-101.79,329.37-9.39,24.2-9.58,53.89-28.77,72.96-18.64,17.45-49.86,17.86-69.37,1.44-17.6-15.5-26.58-37.73-39.02-57.12-23.72-41.19-43.7-84.76-66.64-126.21-15.17,40.31-34.91,78.69-56.24,116.06-18.16,30.62-35.81,69.04-72.63,79.95-46.17,8.95-78-49.63-86.55-87.6-8.91-34.86-17.58-69.77-25.98-104.76.02-2.35-3.69-7.66.29-7.56,28.62.03,57.24.03,85.86,0,1.63,0,2.04.53,2.47,2.17,8.07,28.42,14.88,57.71,23.45,85.74,18.13-40.15,37.36-79.74,58.57-118.36,13.93-23.73,24.24-52.74,50.15-66.01,22.55-11.18,50.24-1.64,66.13,16.47,11.82,14.56,18.31,32.69,27.29,49.04,20.07,38.6,38.8,78.15,57.88,117.07,1.7,1.73,2.5,1.66,3.08-.73,5.24-24.14,13.86-47.45,20.59-71.22,13.94-46.44,27.95-92.86,41.88-139.31,8.94-29.73,17.85-59.47,26.68-89.23.4-1.33.7-2.32,2.63-2.32,26.68.17,53.37-.09,80.03.15Z\"><\/path><\/svg>\t\t\t\t<\/a>\n\t\t\t<\/div>\n\t\t\t\n\t\t\t\t\t\t<div class=\"elementor-icon-box-content\">\n\n\t\t\t\t\t\t\t\t\t<h3 class=\"elementor-icon-box-title\">\n\t\t\t\t\t\t<a href=\"https:\/\/wops-asbl.be\/nl\/services\/service-de-sante-mentale\/\" >\n\t\t\t\t\t\t\tDEPARTEMENT VAN <br \/>MENTALE GEZONDHEID\t\t\t\t\t\t<\/a>\n\t\t\t\t\t<\/h3>\n\t\t\t\t\n\t\t\t\t\t\t\t\t\t<p class=\"elementor-icon-box-description\">\n\t\t\t\t\t\tLieu de consultations <br \/>psycho - m\u00e9dico - sociales, de pr\u00e9vention et d\u2019accueil accessible \u00e0 tous.\t\t\t\t\t<\/p>\n\t\t\t\t\n\t\t\t<\/div>\n\t\t\t\n\t\t<\/div>\n\t\t\t\t\t\t<\/div>\n\t\t\t\t<\/div>\n\t\t\t\t<div class=\"elementor-element elementor-element-ae8f8c1 elementor-view-stacked elementor-shape-circle elementor-position-block-start elementor-mobile-position-block-start elementor-invisible elementor-widget elementor-widget-icon-box\" data-id=\"ae8f8c1\" data-element_type=\"widget\" data-e-type=\"widget\" data-settings=\"{&quot;_animation&quot;:&quot;fadeInUp&quot;,&quot;_animation_delay&quot;:200}\" data-widget_type=\"icon-box.default\">\n\t\t\t\t<div class=\"elementor-widget-container\">\n\t\t\t\t\t\t\t<div class=\"elementor-icon-box-wrapper\">\n\n\t\t\t\t\t\t<div class=\"elementor-icon-box-icon\">\n\t\t\t\t<a href=\"https:\/\/wops-asbl.be\/nl\/services\/centre-psychotherapeutique-de-jour\/\" class=\"elementor-icon elementor-animation-grow\" tabindex=\"-1\" aria-label=\"CENTRE PSYCHOTH\u00c9RAPEUTIQUE DE JOUR\">\n\t\t\t\t<svg xmlns=\"http:\/\/www.w3.org\/2000\/svg\" id=\"uuid-854060d4-5761-49e7-9af9-95786678aea8\" width=\"584\" height=\"484\" viewbox=\"0 0 584 484\"><path d=\"m565.33,29.42c-33.61,109.82-69.1,219.22-101.79,329.37-9.39,24.2-9.58,53.89-28.77,72.96-18.64,17.45-49.86,17.86-69.37,1.44-17.6-15.5-26.58-37.73-39.02-57.12-23.72-41.19-43.7-84.76-66.64-126.21-15.17,40.31-34.91,78.69-56.24,116.06-18.16,30.62-35.81,69.04-72.63,79.95-46.17,8.95-78-49.63-86.55-87.6-8.91-34.86-17.58-69.77-25.98-104.76.02-2.35-3.69-7.66.29-7.56,28.62.03,57.24.03,85.86,0,1.63,0,2.04.53,2.47,2.17,8.07,28.42,14.88,57.71,23.45,85.74,18.13-40.15,37.36-79.74,58.57-118.36,13.93-23.73,24.24-52.74,50.15-66.01,22.55-11.18,50.24-1.64,66.13,16.47,11.82,14.56,18.31,32.69,27.29,49.04,20.07,38.6,38.8,78.15,57.88,117.07,1.7,1.73,2.5,1.66,3.08-.73,5.24-24.14,13.86-47.45,20.59-71.22,13.94-46.44,27.95-92.86,41.88-139.31,8.94-29.73,17.85-59.47,26.68-89.23.4-1.33.7-2.32,2.63-2.32,26.68.17,53.37-.09,80.03.15Z\"><\/path><\/svg>\t\t\t\t<\/a>\n\t\t\t<\/div>\n\t\t\t\n\t\t\t\t\t\t<div class=\"elementor-icon-box-content\">\n\n\t\t\t\t\t\t\t\t\t<h3 class=\"elementor-icon-box-title\">\n\t\t\t\t\t\t<a href=\"https:\/\/wops-asbl.be\/nl\/services\/centre-psychotherapeutique-de-jour\/\" >\n\t\t\t\t\t\t\tCENTRE PSYCHOTH\u00c9RAPEUTIQUE DE JOUR\t\t\t\t\t\t<\/a>\n\t\t\t\t\t<\/h3>\n\t\t\t\t\n\t\t\t\t\t\t\t\t\t<p class=\"elementor-icon-box-description\">\n\t\t\t\t\t\tLieu de traitement de revalidation psychosociale pour personnes adultes ouvert en journ\u00e9e en semaine.\t\t\t\t\t<\/p>\n\t\t\t\t\n\t\t\t<\/div>\n\t\t\t\n\t\t<\/div>\n\t\t\t\t\t\t<\/div>\n\t\t\t\t<\/div>\n\t\t\t\t<div class=\"elementor-element elementor-element-bf0f265 elementor-view-stacked elementor-shape-circle elementor-position-block-start elementor-mobile-position-block-start elementor-invisible elementor-widget elementor-widget-icon-box\" data-id=\"bf0f265\" data-element_type=\"widget\" data-e-type=\"widget\" data-settings=\"{&quot;_animation&quot;:&quot;fadeInUp&quot;,&quot;_animation_delay&quot;:400}\" data-widget_type=\"icon-box.default\">\n\t\t\t\t<div class=\"elementor-widget-container\">\n\t\t\t\t\t\t\t<div class=\"elementor-icon-box-wrapper\">\n\n\t\t\t\t\t\t<div class=\"elementor-icon-box-icon\">\n\t\t\t\t<a href=\"https:\/\/wops-asbl.be\/nl\/services\/centre-psychotherapeutique-de-nuit\/\" class=\"elementor-icon elementor-animation-grow\" tabindex=\"-1\" aria-label=\"CENTRE PSYCHOTH\u00c9RAPEUTIQUE DE NUIT\">\n\t\t\t\t<svg xmlns=\"http:\/\/www.w3.org\/2000\/svg\" id=\"uuid-854060d4-5761-49e7-9af9-95786678aea8\" width=\"584\" height=\"484\" viewbox=\"0 0 584 484\"><path d=\"m565.33,29.42c-33.61,109.82-69.1,219.22-101.79,329.37-9.39,24.2-9.58,53.89-28.77,72.96-18.64,17.45-49.86,17.86-69.37,1.44-17.6-15.5-26.58-37.73-39.02-57.12-23.72-41.19-43.7-84.76-66.64-126.21-15.17,40.31-34.91,78.69-56.24,116.06-18.16,30.62-35.81,69.04-72.63,79.95-46.17,8.95-78-49.63-86.55-87.6-8.91-34.86-17.58-69.77-25.98-104.76.02-2.35-3.69-7.66.29-7.56,28.62.03,57.24.03,85.86,0,1.63,0,2.04.53,2.47,2.17,8.07,28.42,14.88,57.71,23.45,85.74,18.13-40.15,37.36-79.74,58.57-118.36,13.93-23.73,24.24-52.74,50.15-66.01,22.55-11.18,50.24-1.64,66.13,16.47,11.82,14.56,18.31,32.69,27.29,49.04,20.07,38.6,38.8,78.15,57.88,117.07,1.7,1.73,2.5,1.66,3.08-.73,5.24-24.14,13.86-47.45,20.59-71.22,13.94-46.44,27.95-92.86,41.88-139.31,8.94-29.73,17.85-59.47,26.68-89.23.4-1.33.7-2.32,2.63-2.32,26.68.17,53.37-.09,80.03.15Z\"><\/path><\/svg>\t\t\t\t<\/a>\n\t\t\t<\/div>\n\t\t\t\n\t\t\t\t\t\t<div class=\"elementor-icon-box-content\">\n\n\t\t\t\t\t\t\t\t\t<h3 class=\"elementor-icon-box-title\">\n\t\t\t\t\t\t<a href=\"https:\/\/wops-asbl.be\/nl\/services\/centre-psychotherapeutique-de-nuit\/\" >\n\t\t\t\t\t\t\tCENTRE PSYCHOTH\u00c9RAPEUTIQUE DE NUIT\t\t\t\t\t\t<\/a>\n\t\t\t\t\t<\/h3>\n\t\t\t\t\n\t\t\t\t\t\t\t\t\t<p class=\"elementor-icon-box-description\">\n\t\t\t\t\t\tLieu r\u00e9sidentiel de revalidation psychosociale pour adultes o\u00f9 le travail psychoth\u00e9rapeutique se d\u00e9roule en priorit\u00e9 en soir\u00e9e, les week-ends et jours f\u00e9ri\u00e9s.\t\t\t\t\t<\/p>\n\t\t\t\t\n\t\t\t<\/div>\n\t\t\t\n\t\t<\/div>\n\t\t\t\t\t\t<\/div>\n\t\t\t\t<\/div>\n\t\t\t\t<div class=\"elementor-element elementor-element-5b64c33 elementor-view-stacked elementor-shape-circle elementor-position-block-start elementor-mobile-position-block-start elementor-invisible elementor-widget elementor-widget-icon-box\" data-id=\"5b64c33\" data-element_type=\"widget\" data-e-type=\"widget\" data-settings=\"{&quot;_animation&quot;:&quot;fadeInUp&quot;,&quot;_animation_delay&quot;:600}\" data-widget_type=\"icon-box.default\">\n\t\t\t\t<div class=\"elementor-widget-container\">\n\t\t\t\t\t\t\t<div class=\"elementor-icon-box-wrapper\">\n\n\t\t\t\t\t\t<div class=\"elementor-icon-box-icon\">\n\t\t\t\t<a href=\"https:\/\/lentract.be\" target=\"_blank\" class=\"elementor-icon elementor-animation-grow\" tabindex=\"-1\" aria-label=\"Lieu &lt;br\/&gt;de liens &lt;br\/&gt;L&#039;Entr&#039;Act\t\">\n\t\t\t\t<svg xmlns=\"http:\/\/www.w3.org\/2000\/svg\" xmlns:xlink=\"http:\/\/www.w3.org\/1999\/xlink\" id=\"uuid-38cf7123-e2ba-4293-a8a5-9b5e8fa75488\" data-name=\"Calque 1\" viewbox=\"0 0 500 500\"><defs><clippath id=\"uuid-3d6b5974-3ef1-4f1d-9848-c0352049029a\"><path d=\"M436.12,153.72l-170.02-109.55c-4.81-3.1-10.21-5.01-15.76-5.58-.41-.12-.85-.18-1.3-.18h-1.87c-.45,0-.89.06-1.3.18-5.55.58-10.95,2.48-15.76,5.58L60.09,153.72c-5.84,3.76-9.47,10.65-9.47,17.98v240.6c0,9.27,5.63,17.16,13.41,19.91,2.97,1.05,6.09-1.31,6.09-4.47,0-.28-.03-.55-.08-.82h81.52c-.16.46-.27.95-.27,1.46,0,2.44,1.98,4.42,4.42,4.42h157.65c.59.27,1.24.45,1.94.45h110.79c10.75,0,19.5-9.4,19.5-20.96v-240.6c0-7.33-3.63-14.21-9.47-17.97Z\" style=\"fill: none; stroke-width: 0px;\"><\/path><\/clippath><\/defs><g style=\"clip-path: url(#uuid-3d6b5974-3ef1-4f1d-9848-c0352049029a);\"><path d=\"M436.12,153.72l-170.02-109.55c-4.81-3.1-10.21-5.01-15.76-5.58-.41-.12-.85-.18-1.3-.18h-1.87c-.45,0-.89.06-1.3.18-5.55.58-10.95,2.48-15.76,5.58L60.09,153.72c-5.84,3.76-9.47,10.65-9.47,17.98v240.6c0,9.27,5.63,17.16,13.41,19.91,2.97,1.05,6.09-1.31,6.09-4.47h0c0-1.91-1.14-3.69-2.94-4.32-4.17-1.45-7.22-5.89-7.22-11.13v-240.6c0-4.19,1.99-8.07,5.19-10.13L235.16,52.02c3.8-2.45,8.07-3.89,12.44-4.21.33-.02.67-.02,1,0,4.37.32,8.64,1.77,12.44,4.21l170.02,109.55c3.2,2.06,5.19,5.94,5.19,10.13v240.6c0,6.41-4.56,11.63-10.17,11.63h-110.79c-.07,0-.13.04-.2.04h-159.39c-2.44,0-4.42,1.98-4.42,4.42s1.98,4.42,4.42,4.42h157.65c.59.27,1.24.45,1.94.45h110.79c10.75,0,19.5-9.4,19.5-20.96v-240.6c0-7.33-3.63-14.21-9.47-17.97Z\" style=\"stroke-width: 0px;\"><\/path><g><path d=\"M284.19,226.2c15.53,0,28.17-13.24,28.17-29.51s-12.64-29.51-28.17-29.51-28.17,13.24-28.17,29.51,12.64,29.51,28.17,29.51ZM284.19,176.94c10.15,0,18.41,8.86,18.41,19.75s-8.26,19.75-18.41,19.75-18.41-8.86-18.41-19.75,8.26-19.75,18.41-19.75Z\" style=\"stroke-width: 0px;\"><\/path><path d=\"M203.11,226.2c15.53,0,28.17-13.24,28.17-29.51s-12.64-29.51-28.17-29.51-28.17,13.24-28.17,29.51,12.64,29.51,28.17,29.51ZM203.11,176.94c10.15,0,18.41,8.86,18.41,19.75s-8.26,19.75-18.41,19.75-18.41-8.86-18.41-19.75,8.26-19.75,18.41-19.75Z\" style=\"stroke-width: 0px;\"><\/path><path d=\"M390.04,202.37c-3.23-4.29-8.12-6.97-13.42-7.34-5.22-.34-10.27,1.52-13.91,5.16-24.22,24.24-48.94,34-53.34,35.61h-51.76s0,0-.01,0h-79.67c-4.37-1.6-28.77-11.24-52.83-35.11-5.52-5.48-13.42-7.18-20.13-4.33-4.97,2.11-8.75,6.2-10.38,11.23-1.62,5.01-1,10.47,1.72,14.99,11.96,19.88,38.02,43.19,75.9,50.5v155.29c0,2.7,2.19,4.88,4.88,4.88h52.04c2.7,0,4.88-2.19,4.88-4.88v-144.87c0-1.55.4-2.99,1.05-4.28,0,0,0-.01,0-.02,1.59-3.15,4.82-5.33,8.58-5.33,5.31,0,9.64,4.32,9.64,9.64v144.87c0,2.7,2.19,4.88,4.88,4.88h52.04c2.7,0,4.88-2.19,4.88-4.88v-155.29c37.64-7.27,63.68-30.42,75.69-50.17,3.94-6.47,3.63-14.72-.75-20.54ZM224.25,423.49h-16.26v-81.07c0-2.7-2.19-4.88-4.88-4.88s-4.88,2.19-4.88,4.88v81.07h-16.26v-154.51c0-2.4-1.75-4.45-4.12-4.82-36.79-5.84-61.92-27.91-73.18-46.62-1.26-2.1-1.55-4.63-.8-6.95.77-2.37,2.51-4.23,4.91-5.25,2.99-1.27,6.78-.35,9.43,2.28,28.15,27.93,56.18,37.31,57.35,37.7.49.16,1,.24,1.52.24h64.99c-6.33,6.08-13.04,15.54-15.83,29.53-1.24,2.56-2,5.39-2,8.41v139.99ZM382.45,217.84c-11.31,18.59-36.43,40.53-73,46.33-2.37.38-4.12,2.42-4.12,4.82v154.51h-16.26v-81.07c0-2.7-2.19-4.88-4.88-4.88s-4.88,2.19-4.88,4.88v81.07h-16.26v-139.99c0-10.7-8.7-19.4-19.4-19.4-1.21,0-2.39.14-3.54.36,6.17-12.18,15.71-17.55,18.49-18.9h51.61c.51,0,1.03-.08,1.52-.24,1.19-.39,29.56-9.89,57.89-38.23,1.64-1.64,3.93-2.48,6.32-2.32,2.51.18,4.75,1.41,6.3,3.47,2,2.66,2.08,6.51.21,9.59Z\" style=\"stroke-width: 0px;\"><\/path><\/g><\/g><path d=\"M464.28,141.43L268.8,15.48c-5.53-3.57-11.74-5.76-18.12-6.42-.48-.14-.98-.21-1.5-.21h-2.15c-.52,0-1.02.07-1.5.21-6.38.66-12.59,2.85-18.12,6.42L31.94,141.43c-6.71,4.33-10.88,12.24-10.88,20.67v276.63c0,10.66,6.48,19.73,15.42,22.89,3.42,1.21,7-1.51,7-5.13h0c0-2.2-1.31-4.25-3.38-4.96-4.8-1.66-8.3-6.77-8.3-12.8V162.09c0-4.81,2.29-9.28,5.97-11.65L233.23,24.5c4.37-2.82,9.28-4.47,14.3-4.84.38-.03.77-.03,1.15,0,5.02.37,9.93,2.03,14.3,4.84l195.48,125.95c3.68,2.37,5.97,6.83,5.97,11.65v276.63c0,7.37-5.24,13.37-11.69,13.37h-127.38c-.08,0-.15.04-.23.05h-183.25c-2.81,0-5.08,2.28-5.08,5.08s2.28,5.08,5.08,5.08h181.26c.68.32,1.43.52,2.23.52h127.38c12.36,0,22.42-10.81,22.42-24.1V162.09c0-8.42-4.17-16.34-10.88-20.67Z\" style=\"fill: #f8b133; stroke-width: 0px;\"><\/path><\/svg>\t\t\t\t<\/a>\n\t\t\t<\/div>\n\t\t\t\n\t\t\t\t\t\t<div class=\"elementor-icon-box-content\">\n\n\t\t\t\t\t\t\t\t\t<h3 class=\"elementor-icon-box-title\">\n\t\t\t\t\t\t<a href=\"https:\/\/lentract.be\" target=\"_blank\" >\n\t\t\t\t\t\t\tLieu <br \/>de liens <br \/>L'Entr'Act\t\t\t\t\t\t\t<\/a>\n\t\t\t\t\t<\/h3>\n\t\t\t\t\n\t\t\t\t\t\t\t\t\t<p class=\"elementor-icon-box-description\">\n\t\t\t\t\t\tLieu de liens qui accueille les samedis, dimanches et jours f\u00e9ri\u00e9s, toutes personnes souhaitant partager un moment de convivialit\u00e9 et d'\u00e9changes.\t\t\t\t\t<\/p>\n\t\t\t\t\n\t\t\t<\/div>\n\t\t\t\n\t\t<\/div>\n\t\t\t\t\t\t<\/div>\n\t\t\t\t<\/div>\n\t\t\t\t<\/div>\n\t\t\t\t<\/div>\n\t\t<div class=\"elementor-element elementor-element-9e93545 e-con-full e-flex e-con e-parent\" data-id=\"9e93545\" data-element_type=\"container\" data-e-type=\"container\">\n\t\t<div class=\"elementor-element elementor-element-5d9126b e-con-full e-flex e-con e-child\" data-id=\"5d9126b\" data-element_type=\"container\" data-e-type=\"container\">\n\t\t\t\t<div class=\"elementor-element elementor-element-9cd8d2b elementor-invisible elementor-widget elementor-widget-heading\" data-id=\"9cd8d2b\" data-element_type=\"widget\" data-e-type=\"widget\" data-settings=\"{&quot;_animation&quot;:&quot;fadeInUp&quot;}\" data-widget_type=\"heading.default\">\n\t\t\t\t<div class=\"elementor-widget-container\">\n\t\t\t\t\t<h2 class=\"elementor-heading-title elementor-size-default\">Ons nieuws<\/h2>\t\t\t\t<\/div>\n\t\t\t\t<\/div>\n\t\t\t\t<\/div>\n\t\t<div class=\"elementor-element elementor-element-746f122 e-con-full e-flex e-con e-child\" data-id=\"746f122\" data-element_type=\"container\" data-e-type=\"container\">\n\t\t\t\t<div class=\"elementor-element elementor-element-ab799bf elementor-align-right elementor-invisible elementor-widget elementor-widget-button\" data-id=\"ab799bf\" data-element_type=\"widget\" data-e-type=\"widget\" data-settings=\"{&quot;_animation&quot;:&quot;fadeInDown&quot;}\" data-widget_type=\"button.default\">\n\t\t\t\t<div class=\"elementor-widget-container\">\n\t\t\t\t\t\t\t\t\t<div class=\"elementor-button-wrapper\">\n\t\t\t\t\t<a class=\"elementor-button elementor-button-link elementor-size-sm\" href=\"https:\/\/wops-asbl.be\/nl\/actualites\/\">\n\t\t\t\t\t\t<span class=\"elementor-button-content-wrapper\">\n\t\t\t\t\t\t\t\t\t<span class=\"elementor-button-text\">Archive des actualit\u00e9s<\/span>\n\t\t\t\t\t<\/span>\n\t\t\t\t\t<\/a>\n\t\t\t\t<\/div>\n\t\t\t\t\t\t\t\t<\/div>\n\t\t\t\t<\/div>\n\t\t\t\t<\/div>\n\t\t\t\t<\/div>\n\t\t<div class=\"elementor-element elementor-element-16643cd e-con-full e-flex e-con e-parent\" data-id=\"16643cd\" data-element_type=\"container\" data-e-type=\"container\" data-settings=\"{&quot;background_background&quot;:&quot;classic&quot;}\">\n\t\t<div class=\"elementor-element elementor-element-068fc33 e-con-full e-flex e-con e-child\" data-id=\"068fc33\" data-element_type=\"container\" data-e-type=\"container\">\n\t\t\t\t<div class=\"elementor-element elementor-element-b971615 elementor-invisible elementor-widget elementor-widget-heading\" data-id=\"b971615\" data-element_type=\"widget\" data-e-type=\"widget\" data-settings=\"{&quot;_animation&quot;:&quot;fadeInUp&quot;}\" data-widget_type=\"heading.default\">\n\t\t\t\t<div class=\"elementor-widget-container\">\n\t\t\t\t\t<h2 class=\"elementor-heading-title elementor-size-default\">Bij noodgevallen<\/h2>\t\t\t\t<\/div>\n\t\t\t\t<\/div>\n\t\t\t\t<div class=\"elementor-element elementor-element-6df109a elementor-invisible elementor-widget elementor-widget-heading\" data-id=\"6df109a\" data-element_type=\"widget\" data-e-type=\"widget\" data-settings=\"{&quot;_animation&quot;:&quot;fadeInUp&quot;,&quot;_animation_delay&quot;:200}\" data-widget_type=\"heading.default\">\n\t\t\t\t<div class=\"elementor-widget-container\">\n\t\t\t\t\t<h5 class=\"elementor-heading-title elementor-size-default\">buiten onze openingstijden nodigen wij u graag uit<\/h5>\t\t\t\t<\/div>\n\t\t\t\t<\/div>\n\t\t<div class=\"elementor-element elementor-element-b1d54e9 e-grid e-con-full e-con e-child\" data-id=\"b1d54e9\" data-element_type=\"container\" data-e-type=\"container\">\n\t\t\t\t<div class=\"elementor-element elementor-element-4a8bc14 elementor-view-stacked elementor-shape-square elementor-position-block-start elementor-mobile-position-block-start elementor-invisible elementor-widget elementor-widget-icon-box\" data-id=\"4a8bc14\" data-element_type=\"widget\" data-e-type=\"widget\" data-settings=\"{&quot;_animation&quot;:&quot;fadeInUp&quot;,&quot;_animation_delay&quot;:400}\" data-widget_type=\"icon-box.default\">\n\t\t\t\t<div class=\"elementor-widget-container\">\n\t\t\t\t\t\t\t<div class=\"elementor-icon-box-wrapper\">\n\n\t\t\t\t\t\t<div class=\"elementor-icon-box-icon\">\n\t\t\t\t<span  class=\"elementor-icon elementor-animation-shrink\">\n\t\t\t\t<i aria-hidden=\"true\" class=\"xlwpf wppb-font-eye-glasses\"><\/i>\t\t\t\t<\/span>\n\t\t\t<\/div>\n\t\t\t\n\t\t\t\t\t\t<div class=\"elementor-icon-box-content\">\n\n\t\t\t\t\t\t\t\t\t<h4 class=\"elementor-icon-box-title\">\n\t\t\t\t\t\t<span  >\n\t\t\t\t\t\t\tNeem contact op met uw behandelend arts\t\t\t\t\t\t<\/span>\n\t\t\t\t\t<\/h4>\n\t\t\t\t\n\t\t\t\t\n\t\t\t<\/div>\n\t\t\t\n\t\t<\/div>\n\t\t\t\t\t\t<\/div>\n\t\t\t\t<\/div>\n\t\t\t\t<div class=\"elementor-element elementor-element-15e305c elementor-view-stacked elementor-shape-square elementor-position-block-start elementor-mobile-position-block-start elementor-invisible elementor-widget elementor-widget-icon-box\" data-id=\"15e305c\" data-element_type=\"widget\" data-e-type=\"widget\" data-settings=\"{&quot;_animation&quot;:&quot;fadeInUp&quot;,&quot;_animation_delay&quot;:600}\" data-widget_type=\"icon-box.default\">\n\t\t\t\t<div class=\"elementor-widget-container\">\n\t\t\t\t\t\t\t<div class=\"elementor-icon-box-wrapper\">\n\n\t\t\t\t\t\t<div class=\"elementor-icon-box-icon\">\n\t\t\t\t<span  class=\"elementor-icon elementor-animation-shrink\">\n\t\t\t\t<i aria-hidden=\"true\" class=\"fas fa-hospital-alt\"><\/i>\t\t\t\t<\/span>\n\t\t\t<\/div>\n\t\t\t\n\t\t\t\t\t\t<div class=\"elementor-icon-box-content\">\n\n\t\t\t\t\t\t\t\t\t<h4 class=\"elementor-icon-box-title\">\n\t\t\t\t\t\t<span  >\n\t\t\t\t\t\t\tContacter le service d'urgence psychiatrique d'un h\u00f4pital.\t\t\t\t\t\t<\/span>\n\t\t\t\t\t<\/h4>\n\t\t\t\t\n\t\t\t\t\n\t\t\t<\/div>\n\t\t\t\n\t\t<\/div>\n\t\t\t\t\t\t<\/div>\n\t\t\t\t<\/div>\n\t\t\t\t<div class=\"elementor-element elementor-element-d4917f2 elementor-view-stacked elementor-shape-square elementor-position-block-start elementor-mobile-position-block-start elementor-invisible elementor-widget elementor-widget-icon-box\" data-id=\"d4917f2\" data-element_type=\"widget\" data-e-type=\"widget\" data-settings=\"{&quot;_animation&quot;:&quot;fadeInUp&quot;,&quot;_animation_delay&quot;:800}\" data-widget_type=\"icon-box.default\">\n\t\t\t\t<div class=\"elementor-widget-container\">\n\t\t\t\t\t\t\t<div class=\"elementor-icon-box-wrapper\">\n\n\t\t\t\t\t\t<div class=\"elementor-icon-box-icon\">\n\t\t\t\t<span  class=\"elementor-icon elementor-animation-shrink\">\n\t\t\t\t<i aria-hidden=\"true\" class=\"fas fa-briefcase-medical\"><\/i>\t\t\t\t<\/span>\n\t\t\t<\/div>\n\t\t\t\n\t\t\t\t\t\t<div class=\"elementor-icon-box-content\">\n\n\t\t\t\t\t\t\t\t\t<h4 class=\"elementor-icon-box-title\">\n\t\t\t\t\t\t<span  >\n\t\t\t\t\t\t\tNeem contact op met de M\u00e9di-Garde-service\t\t\t\t\t\t<\/span>\n\t\t\t\t\t<\/h4>\n\t\t\t\t\n\t\t\t\t\t\t\t\t\t<p class=\"elementor-icon-box-description\">\n\t\t\t\t\t\tTel: 02\/ 479 18 18\t\t\t\t\t<\/p>\n\t\t\t\t\n\t\t\t<\/div>\n\t\t\t\n\t\t<\/div>\n\t\t\t\t\t\t<\/div>\n\t\t\t\t<\/div>\n\t\t\t\t<\/div>\n\t\t\t\t<\/div>\n\t\t\t\t<\/div>\n\t\t\t\t<\/div>","protected":false},"excerpt":{"rendered":"<p>Bienvenue sur le site de Wops asbl WOLUWE-PSYCHO-SOCIAL Le WOPS a pour mission d\u2019offrir des soins psychiatriques et m\u00e9dico-psycho-sociaux dans le cadre d\u2019une pratique pluridisciplinaire ambulatoire ou r\u00e9sidentielle En savoir plus Nos services SERVICE DE SANT\u00c9 MENTALE Lieu de consultations psycho &#8211; m\u00e9dico &#8211; sociales, de pr\u00e9vention et d\u2019accueil accessible \u00e0 tous. CENTRE PSYCHOTH\u00c9RAPEUTIQUE DE [&hellip;]<\/p>\n","protected":false},"author":1,"featured_media":0,"parent":0,"menu_order":1,"comment_status":"closed","ping_status":"closed","template":"elementor_header_footer","meta":{"_acf_changed":false,"_seopress_robots_primary_cat":"","_seopress_titles_title":"","_seopress_titles_desc":"","_seopress_robots_index":"","footnotes":""},"class_list":["post-69","page","type-page","status-publish","hentry"],"acf":[],"_links":{"self":[{"href":"https:\/\/wops-asbl.be\/nl\/wp-json\/wp\/v2\/pages\/69","targetHints":{"allow":["GET"]}}],"collection":[{"href":"https:\/\/wops-asbl.be\/nl\/wp-json\/wp\/v2\/pages"}],"about":[{"href":"https:\/\/wops-asbl.be\/nl\/wp-json\/wp\/v2\/types\/page"}],"author":[{"embeddable":true,"href":"https:\/\/wops-asbl.be\/nl\/wp-json\/wp\/v2\/users\/1"}],"replies":[{"embeddable":true,"href":"https:\/\/wops-asbl.be\/nl\/wp-json\/wp\/v2\/comments?post=69"}],"version-history":[{"count":8,"href":"https:\/\/wops-asbl.be\/nl\/wp-json\/wp\/v2\/pages\/69\/revisions"}],"predecessor-version":[{"id":1271,"href":"https:\/\/wops-asbl.be\/nl\/wp-json\/wp\/v2\/pages\/69\/revisions\/1271"}],"wp:attachment":[{"href":"https:\/\/wops-asbl.be\/nl\/wp-json\/wp\/v2\/media?parent=69"}],"curies":[{"name":"wp","href":"https:\/\/api.w.org\/{rel}","templated":true}]}}